{"id":511,"date":"2024-01-25T17:51:34","date_gmt":"2024-01-25T16:51:34","guid":{"rendered":"https:\/\/verba-translations.com\/?page_id=511"},"modified":"2025-02-18T14:53:40","modified_gmt":"2025-02-18T13:53:40","slug":"conditions-generales-de-vente","status":"publish","type":"page","link":"https:\/\/verba-translations.com\/?page_id=511","title":{"rendered":"Conditions g\u00e9n\u00e9rales de vente"},"content":{"rendered":"<h2>G\u00e9n\u00e9ralit\u00e9s<\/h2>\n<p>Le Client d\u00e9clare avoir pris connaissance des pr\u00e9sentes conditions g\u00e9n\u00e9rales de\u00a0 vente. La remise d\u2019une commande implique l\u2019acceptation formelle de nos conditions\u00a0 de vente, sans restriction, ni r\u00e9serve. Toute d\u00e9rogation devra obligatoirement \u00eatre\u00a0 \u00e9crite et sign\u00e9e par Verba-Translations. Les pr\u00e9sentes conditions pr\u00e9valent sur toutes\u00a0 celles qui auraient pu \u00eatre formul\u00e9es verbalement ou par \u00e9crit et non reprises dans\u00a0 les commandes ou leurs \u00e9ventuels avenants. Toute stipulation contraire n&rsquo;entra\u00eene\u00a0 pas novation sur le tout, les conditions g\u00e9n\u00e9rales restant valables sur tous les points\u00a0o\u00f9 il n&rsquo;est pas express\u00e9ment d\u00e9rog\u00e9 par un \u00e9crit sign\u00e9 de Verba-Translations<\/p>\n<h2>Commandes<\/h2>\n<p>Les commandes doivent \u00eatre pass\u00e9es par \u00e9crit. Elles peuvent \u00eatre pass\u00e9es soit\u00a0 \u00e9lectroniquement, par l\u2019interm\u00e9diaire de l\u2019ordinateur du Client, soit sous toute autre\u00a0forme \u00e9crite, \u00e0 condition qu\u2019elles donnent lieu \u00e0 une confirmation \u00e9crite de la part de\u00a0Verba-Translations.<\/p>\n<p>Verba-Translations se r\u00e9serve le droit de refuser une commande, notamment en cas\u00a0 d\u2019incident de paiement ant\u00e9rieur.<\/p>\n<p>Le Client est tenu d\u2019indiquer \u00e0 Verba-Translations la langue cible, le sujet et le\u00a0 domaine de sp\u00e9cialit\u00e9 du texte ainsi qu\u2019\u00e9ventuellement la terminologie qu\u2019il souhaite\u00a0 voir utiliser. Il est \u00e9galement tenu d\u2019indiquer la destination du texte devant \u00eatre traduit et de communiquer toutes informations utiles \u00e0 l&rsquo;\u00e9tablissement du devis et \u00e0 la r\u00e9alisation de la prestation.<\/p>\n<p>Sauf indication expresse contraire du Client, la traduction sera restitu\u00e9e au Client selon le m\u00eame mode de communication que celui utilis\u00e9 par le Client lors de l&rsquo;envoi du document : e-mail, chargement sur la plateforme du Client, etc.<\/p>\n<p>Les commandes du Client sont consid\u00e9r\u00e9es comme fermes. Toute annulation pourra\u00a0 entra\u00eener la facturation d\u2019un montant proportionnel aux frais engag\u00e9s. Sauf accord\u00a0 contraire \u00e9crit et sign\u00e9 par Verba-Translations, les acomptes ne sont pas\u00a0 remboursables en cas d\u2019annulation partielle ou totale de la commande.<\/p>\n<p>Le d\u00e9lai minimum pour effectuer toute traduction est de 48 heures, sauf accord \u00e9crit\u00a0contraire de Verba-Translations.<\/p>\n<p>Verba-Translations ne peut \u00eatre tenue pour responsable ni de retards ou d\u00e9fauts\u00a0 d\u2019ex\u00e9cution r\u00e9sultant d\u2019un transfert incorrect ou incomplet du texte source, ni de\u00a0 formulations erron\u00e9es ou ambigu\u00ebs dans le texte source.<\/p>\n<h2>Sous-traitance<\/h2>\n<p>Verba-Translations se r\u00e9serve le droit de faire appel \u00e0 des tiers pour l\u2019ex\u00e9cution de\u00a0 toute commande dans la mesure o\u00f9 elle l\u2019estime utile. Le contact entre le Client et le\u00a0 tiers n\u2019est autoris\u00e9 que sous r\u00e9serve du consentement pr\u00e9alable \u00e9crit de Verba Translations. En cas de communication de l&rsquo;identit\u00e9 du sous-traitant au Client par Verba-Translations, le Client s&rsquo;interdit de contacter directement ledit tiers en dehors du cadre de la mission pour laquelle le contact a \u00e9t\u00e9 autoris\u00e9.<\/p>\n<h2>Conditions<b> financi\u00e8res\u00a0\u00a0<\/b><\/h2>\n<p>La r\u00e9alisation en bonne et due forme d&rsquo;une commande est li\u00e9e, entre autres, au\u00a0 respect par le Client des conditions financi\u00e8res \u00e9nonc\u00e9es dans le devis adress\u00e9 qui lui a \u00e9t\u00e9 adress\u00e9. Apr\u00e8s acceptation, les devis engagent financi\u00e8rement le Client. Par cons\u00e9quent et sauf accord \u00e9crit expr\u00e8s entre Verba-Translations et le Client, le montant de la prestation sera acquis \u00e0 Verba-Translations en cas d&rsquo;annulation, \u00e0 quelque moment que ce soit, et lui sera de ce fait factur\u00e9 dans sa totalit\u00e9.<\/p>\n<p>Les rendez-vous convenus, quels qu&rsquo;ils soient, non annul\u00e9s par le Client au moins 72 heures \u00e0 l&rsquo;avance seront consid\u00e9r\u00e9es comme ex\u00e9cut\u00e9s et donc factur\u00e9s au Client.<\/p>\n<h2><b> Conditions de<\/b> paiement<\/h2>\n<p>Les factures sont \u00e0 payer \u00e0 Verba-Translations en totalit\u00e9, \u00e0 r\u00e9ception par le Client,\u00a0sans remise ni escompte ni \u00e9ch\u00e9ance et en accord avec la l\u00e9gislation en vigueur. En\u00a0cas non-respect de l&rsquo;une des conditions de paiement, les factures seront r\u00e9put\u00e9es\u00a0 non pay\u00e9es. Le non-paiement d&rsquo;une seule facture entra\u00eene la suspension imm\u00e9diate,\u00a0voire l\u2019annulation de la totalit\u00e9 des commandes en cours sans toutefois suspendre les\u00a0 pr\u00e9sentes conditions et leurs avenants, sans ouvrir droit pour le client \u00e0 aucun\u00a0 remboursement total ou partie de la commande suspendue ou annul\u00e9e, le montant du\u00a0 devis restant acquis \u00e0 Verba-Translations. En cas de non-paiement, le Client ne\u00a0 pourra en aucun cas rendre Verba-Translations responsable des cons\u00e9quences de\u00a0 cette suspension et\/ou annulation, ni revendiquer une compensation temporelle et\/ou\u00a0 financi\u00e8re. Tout retard de paiement, quelle qu&rsquo;en soit la cause, donnera lieu de plein droit au payement, par le Client, d\u2019une indemnit\u00e9 forfaitaire de 40 \u20ac pour frais de recouvrement ainsi que d&rsquo;int\u00e9r\u00eats de retard au taux de la Banque centrale europ\u00e9enne \u00e0 son op\u00e9ration de refinancement la plus r\u00e9cente major\u00e9e de 10 points de pourcentage et ce, conform\u00e9ment aux dispositions, notamment, de l\u2019article L. 441-6 du Code de commerce et\/ou de toute autre disposition l\u00e9gislative ou r\u00e9glementaire applicable.<\/p>\n<h2>Tarifs<\/h2>\n<p>Les traductions sont effectu\u00e9es aux conditions et tarifs d\u00e9finis par Verba-Translations.\u00a0Toute modification de ces tarifs doit \u00eatre n\u00e9goci\u00e9e entre les parties et faire l&rsquo;objet d&rsquo;un accord \u00e9crit expr\u00e8s. Toute grille tarifaire communiqu\u00e9e par Verba-Translations l&rsquo;est \u00e0 titre informatif. Verba-Translations se r\u00e9serve le droit, en certaines circonstances, de s&rsquo;\u00e9carter des prix qui y sont indiqu\u00e9s en fonction de la combinaison de la langue demand\u00e9e, du degr\u00e9 de difficult\u00e9 et du domaine de sp\u00e9cialisation du texte source. En outre, nous nous r\u00e9servons le droit de demander des suppl\u00e9ments pour travaux urgents. Toute majoration sera stipul\u00e9e dans le devis et\/ou la confirmation de la commande adress\u00e9e au Client.<\/p>\n<h2><b> R\u00e9serve de<\/b> propri\u00e9t\u00e9<\/h2>\n<p>Les traductions sont r\u00e9put\u00e9es rester l\u2019enti\u00e8re propri\u00e9t\u00e9 de Verba-Translations jusqu\u2019\u00e0\u00a0 paiement int\u00e9gral par le Client. Verba-Translations pourra en demander la restitution\u00a0 aux frais du Client. Verba-Translations pourra demander la restitution, exiger l&rsquo;arr\u00eat imm\u00e9diat de leur utilisation et r\u00e9clamer des dommages et int\u00e9r\u00eats en cas d&rsquo;utilisation de traductions de traductions dont le r\u00e8glement n&rsquo;a pas \u00e9t\u00e9 effectu\u00e9 par le Client. Par ailleurs, toute utilisation de traductions contest\u00e9es vaudra acceptation et entra\u00eenera une obligation de r\u00e8glement imm\u00e9diat.<\/p>\n<h2>D\u00e9lais de livraison<\/h2>\n<p>Verba-Translations s\u2019engage \u00e0 respecter les d\u00e9lais de livraison indiqu\u00e9s au Client \u00e0 la\u00a0 commande, sauf cas de force majeure ou impr\u00e9vu ind\u00e9pendant de sa volont\u00e9. Dans\u00a0 ce cas, Verba-Translations conviendra d\u2019un nouveau d\u00e9lai raisonnable avec le Client.<\/p>\n<h2>Clause d\u2019exon\u00e9ration<\/h2>\n<p>Tout \u00e9v\u00e9nement \u00e9chappant au contr\u00f4le de Verba-Translations, tel que conflit du\u00a0 travail, incendie, conditions climatologiques, restrictions d&rsquo;\u00e9nergies, p\u00e9nurie,\u00a0r\u00e9quisition, insurrection, gr\u00e8ves postales, pand\u00e9mie, etc., qui emp\u00eache l&rsquo;ex\u00e9cution de\u00a0 ses obligations, est consid\u00e9r\u00e9 comme une clause d&rsquo;exon\u00e9ration et autorise Verba<\/p>\n<p>Translations de plein droit \u00e0 se d\u00e9gager de ses contrats et obligations, sans\u00a0 indemnit\u00e9 ni dommage et int\u00e9r\u00eats, par simple notification \u00e9crite au Client. Toutefois, si\u00a0 l&#8217;emp\u00eachement est momentan\u00e9, l&rsquo;ex\u00e9cution des obligations reste seulement\u00a0 suspendue, sans que la dur\u00e9e de suspension puisse exc\u00e9der 60 jours.<\/p>\n<p>Verba-Translations ne peut \u00eatre tenue pour responsable de tout pr\u00e9judice r\u00e9sultant de\u00a0 virus ou autres malwares. Le syst\u00e8me informatique de Verba-Translations (poste de\u00a0 travail, programmes, fichiers, etc.) fait l\u2019objet d\u2019un contr\u00f4le antivirus r\u00e9gulier. Il\u00a0 appartient au Client de v\u00e9rifier en dernier ressort les fichiers et textes transf\u00e9r\u00e9s,\u00a0 lorsque ces derniers sont transmis par e-mail ou tout autre mode de transfert\u00a0 \u00e9lectronique.<\/p>\n<h2>Clause limitative de responsabilit\u00e9<\/h2>\n<p>En cas de responsabilit\u00e9, de quelque chef que ce soit, le montant des dommages et\u00a0 int\u00e9r\u00eats dus par Verba-Translations ne pourra exc\u00e9der le montant de ses honoraires\u00a0 au titre de la prestation litigieuse.<\/p>\n<h2>Confidentialit\u00e9<\/h2>\n<p>Verba-Translations s&rsquo;engage \u00e0 ce que tous les documents ou informations sensibles, sous quelque forme que ce soit, dont elle pourrait avoir connaissance ou qui\u00a0 pourraient lui \u00eatre communiqu\u00e9s par ses Clients \u00e0 l&rsquo;occasion de l&rsquo;ex\u00e9cution de ses\u00a0 prestations, soient consid\u00e9r\u00e9s comme strictement confidentiels. Le Client autorise\u00a0 Verba-Translations \u00e0 le citer dans le cadre de pr\u00e9sentations et de supports\u00a0 informatifs.<\/p>\n<h2>Validit\u00e9<\/h2>\n<p>Dans le cas o\u00f9 l\u2019un ou plusieurs des stipulations des pr\u00e9sentes Conditions\u00a0 G\u00e9n\u00e9rales de Vente serai(en)t d\u00e9clar\u00e9e(s) nulle(s) et non avenue(s), caduque(s) ou\u00a0 serai(en)t invalid\u00e9e(s) de quelque autre mani\u00e8re que ce soit, la validit\u00e9 des\u00a0 stipulations restantes n\u2019en saurait pas pour autant en \u00eatre affect\u00e9e.<\/p>\n<h2>Gestion des donn\u00e9es<\/h2>\n<p>Sauf demande expresse du Client ou mention contraire dans le devis, Verba-Translations s&rsquo;engage \u00e0 restituer le document dans le m\u00eame format que celui du Client (Word, Excel, Powerpoint, support papier, etc.).<\/p>\n<p>Verba-Translations s&rsquo;engage \u00e0 conserver les documents et dossiers transmis par le Client sur une p\u00e9riode d&rsquo;un an. Au-del\u00e0 de cette dur\u00e9e, Verba-Translations sera libre de les supprimer, sans obligation d&rsquo;en informer le Client.<\/p>\n<p>Verba-Translations s&rsquo;engage par ailleurs \u00e0 ne pas utiliser les \u00e9ventuelles donn\u00e9es \u00e0 caract\u00e8re personnel transmises par le Client pour des finalit\u00e9s autres que la mission de traduction et\/ou d&rsquo;interpr\u00e9tation qui lui a \u00e9t\u00e9 confi\u00e9e par le Client.<\/p>\n<h2>R\u00e9clamation<\/h2>\n<p>Toute contestation relative \u00e0 la qualit\u00e9 d\u2019une prestation doit \u00eatre communiqu\u00e9e par \u00e9crit, dans les meilleurs d\u00e9lais par le Client et au plus tard dans un d\u00e9lai ne pouvant exc\u00e9der sept jours de calendrier. Au-del\u00e0, la prestation sera r\u00e9put\u00e9e accept\u00e9e par le Client et le Client ne pourra se pr\u00e9valoir d\u2019aucune r\u00e9duction du prix contractuel.<\/p>\n<p>Le Client est tenu de communiquer des informations pr\u00e9cises \u00e0 Verba Translations afin de permettre \u00e0 son \u00e9quipe de linguistes d\u2019adopter des mesures correctives de mani\u00e8re \u00e0 assurer la conformit\u00e9 de la prestation aux attentes du Client. Ainsi, pour les prestations de traduction, Verba Translations pourra retravailler le texte \u00e0 br\u00e8ve \u00e9ch\u00e9ance en fonction des indications du Client. Dans ce cadre, Verba Translations fera tout ce qui est en son pouvoir pour respecter son obligation de moyens et cerner au mieux les pr\u00e9f\u00e9rences stylistiques du Client.<\/p>\n<h2>Clause attributive de juridiction<\/h2>\n<p>En cas de litige de toute nature ou de contestation relative \u00e0 la formation ou \u00e0\u00a0 l\u2019ex\u00e9cution de la commande, et \u00e0 d\u00e9faut d\u2019accord amiable qui sera dans tout cas\u00a0 recherch\u00e9, seuls les tribunaux de Paris seront comp\u00e9tents.<\/p>\n<p><strong>Conditions g\u00e9n\u00e9rales de vente mise \u00e0 jour le 21 f\u00e9vrier 2024.<\/strong><\/p>\n","protected":false},"excerpt":{"rendered":"<p>G\u00e9n\u00e9ralit\u00e9s Le Client d\u00e9clare avoir pris connaissance des pr\u00e9sentes conditions g\u00e9n\u00e9rales de\u00a0 vente. La remise d\u2019une commande implique l\u2019acceptation formelle de nos conditions\u00a0 de vente, sans restriction, ni r\u00e9serve. Toute d\u00e9rogation devra obligatoirement \u00eatre\u00a0 \u00e9crite et sign\u00e9e par Verba-Translations. Les pr\u00e9sentes conditions pr\u00e9valent sur toutes\u00a0 celles qui auraient pu \u00eatre formul\u00e9es verbalement ou par \u00e9crit&hellip; <a class=\"more-link\" href=\"https:\/\/verba-translations.com\/?page_id=511\">Poursuivre la lecture <span class=\"screen-reader-text\">Conditions g\u00e9n\u00e9rales de vente<\/span><\/a><\/p>\n","protected":false},"author":1,"featured_media":0,"parent":0,"menu_order":0,"comment_status":"closed","ping_status":"closed","template":"","meta":{"footnotes":""},"class_list":["post-511","page","type-page","status-publish","hentry","entry"],"_links":{"self":[{"href":"https:\/\/verba-translations.com\/index.php?rest_route=\/wp\/v2\/pages\/511","targetHints":{"allow":["GET"]}}],"collection":[{"href":"https:\/\/verba-translations.com\/index.php?rest_route=\/wp\/v2\/pages"}],"about":[{"href":"https:\/\/verba-translations.com\/index.php?rest_route=\/wp\/v2\/types\/page"}],"author":[{"embeddable":true,"href":"https:\/\/verba-translations.com\/index.php?rest_route=\/wp\/v2\/users\/1"}],"replies":[{"embeddable":true,"href":"https:\/\/verba-translations.com\/index.php?rest_route=%2Fwp%2Fv2%2Fcomments&post=511"}],"version-history":[{"count":9,"href":"https:\/\/verba-translations.com\/index.php?rest_route=\/wp\/v2\/pages\/511\/revisions"}],"predecessor-version":[{"id":557,"href":"https:\/\/verba-translations.com\/index.php?rest_route=\/wp\/v2\/pages\/511\/revisions\/557"}],"wp:attachment":[{"href":"https:\/\/verba-translations.com\/index.php?rest_route=%2Fwp%2Fv2%2Fmedia&parent=511"}],"curies":[{"name":"wp","href":"https:\/\/api.w.org\/{rel}","templated":true}]}}